{"id":2257,"date":"2020-07-07T12:06:27","date_gmt":"2020-07-07T10:06:27","guid":{"rendered":"https:\/\/www.fahrradrock.com\/?page_id=2257"},"modified":"2020-07-07T14:17:59","modified_gmt":"2020-07-07T12:17:59","slug":"story","status":"publish","type":"page","link":"https:\/\/www.fahrradrock.com\/?page_id=2257","title":{"rendered":"Die Idee"},"content":{"rendered":"\n<p>&#8230; zum Fahrradrock entstand aus dem eigenen Bedarf: Schick angezogen f\u00fcr eine Geburtstagsfeier radelte ich am Rhein entlang. Mein luftiger Sommerrock wehte vom Fahrtwind st\u00e4ndig hoch. Zwischen die Beine klemmen hielt nicht. Mit einer Hand festhalten machte die Fahrt gef\u00e4hrlich wackelig.<\/p>\n\n\n\n<p>Am n\u00e4chsten Tag suchte ich im Internet nach einem speziellen Rock zum Radfahren. Doch alles was ich unter \u201eFahrradrock\u201c fand, waren Modelle von Sportswear-Anbietern: kurze Radlershorts aus (meist schwarzem) Funktionsstoff mit dem passenden, ebenso kurzen Rockteil dar\u00fcber. Geeignet f\u00fcr Mountainbikerinnen und Rennradfahrerinnen \u2013 aber nicht f\u00fcr die City, f\u00fcr den Weg zur Arbeit, zum Shoppen, in den Biergarten oder zum M\u00e4delsabend.<\/p>\n\n\n\n<p>Also setzte ich mich an die Maschine und n\u00e4hte aus vorhandenen Stoffresten den ersten Fahrradrock nach meiner Vorstellung. Eine Freundin, die ich bei der Probefahrt traf, war spontan begeistert und wollte auch einen. So entschloss ich mich, das Design sch\u00fctzen und eine erste Kleinserie fertigen zu lassen. Wird diese ein Erfolg, erwarten euch in Zukunft weitere sch\u00f6ne Dessins.<\/p>\n","protected":false},"excerpt":{"rendered":"<p>&#8230; zum Fahrradrock entstand aus dem eigenen Bedarf: Schick angezogen f\u00fcr eine Geburtstagsfeier radelte ich am Rhein entlang. Mein luftiger&hellip;<\/p>\n","protected":false},"author":1,"featured_media":2256,"parent":0,"menu_order":0,"comment_status":"closed","ping_status":"closed","template":"","meta":{"footnotes":""},"class_list":["post-2257","page","type-page","status-publish","has-post-thumbnail","hentry"],"_links":{"self":[{"href":"https:\/\/www.fahrradrock.com\/index.php?rest_route=\/wp\/v2\/pages\/2257","targetHints":{"allow":["GET"]}}],"collection":[{"href":"https:\/\/www.fahrradrock.com\/index.php?rest_route=\/wp\/v2\/pages"}],"about":[{"href":"https:\/\/www.fahrradrock.com\/index.php?rest_route=\/wp\/v2\/types\/page"}],"author":[{"embeddable":true,"href":"https:\/\/www.fahrradrock.com\/index.php?rest_route=\/wp\/v2\/users\/1"}],"replies":[{"embeddable":true,"href":"https:\/\/www.fahrradrock.com\/index.php?rest_route=%2Fwp%2Fv2%2Fcomments&post=2257"}],"version-history":[{"count":2,"href":"https:\/\/www.fahrradrock.com\/index.php?rest_route=\/wp\/v2\/pages\/2257\/revisions"}],"predecessor-version":[{"id":2260,"href":"https:\/\/www.fahrradrock.com\/index.php?rest_route=\/wp\/v2\/pages\/2257\/revisions\/2260"}],"wp:featuredmedia":[{"embeddable":true,"href":"https:\/\/www.fahrradrock.com\/index.php?rest_route=\/wp\/v2\/media\/2256"}],"wp:attachment":[{"href":"https:\/\/www.fahrradrock.com\/index.php?rest_route=%2Fwp%2Fv2%2Fmedia&parent=2257"}],"curies":[{"name":"wp","href":"https:\/\/api.w.org\/{rel}","templated":true}]}}