{"id":2090,"date":"2020-06-28T20:12:01","date_gmt":"2020-06-28T18:12:01","guid":{"rendered":"https:\/\/www.fahrradrock.com\/?page_id=2090"},"modified":"2020-07-10T12:52:54","modified_gmt":"2020-07-10T10:52:54","slug":"agb","status":"publish","type":"page","link":"https:\/\/www.fahrradrock.com\/?page_id=2090","title":{"rendered":"AGB"},"content":{"rendered":"\n<p>Allgemeine Gesch\u00e4ftsbedingungen (AGB)<\/p>\n\n\n\n<p><strong>Geltungsbereich<\/strong><\/p>\n\n\n\n<p>Diese AGB gelten f\u00fcr alle Verbraucher, die im Online-Shop fahrradrock.com bestellen. Verbraucher ist jede nat\u00fcrliche Person, die ein Rechtsgesch\u00e4ft zu einem Zwecke abschlie\u00dft, der \u00fcberwiegend weder ihrer gewerblichen noch ihrer selbstst\u00e4ndigen beruflichen T\u00e4tigkeit zugerechnet werden kann.<\/p>\n\n\n\n<p>Die Vertragssprache ist Deutsch.<\/p>\n\n\n\n<p><strong>Vertragspartner<\/strong><\/p>\n\n\n\n<p>Ist Inhaberin Anja Klicman, Salmstr. 82, 51105 K\u00f6ln.<\/p>\n\n\n\n<p>Tel.: 0221\/980 493 58. E-Mail: info@fahrradrock.com<\/p>\n\n\n\n<p><strong>Vertragsschluss<\/strong><\/p>\n\n\n\n<p>Die Darstellung der Produkte im Online-Shop stellt kein rechtlich bindendes Angebot, sondern nur eine Aufforderung zur Bestellung dar.<\/p>\n\n\n\n<p>Durch Anklicken des Buttons \u201ejetzt kaufen\u201c geben Sie eine verbindliche Bestellung der im Warenkorb aufgelisteten Waren ab.<\/p>\n\n\n\n<p>Wann der Vertrag mit uns zustande kommt, richtet sich nach der von Ihnen gew\u00e4hlten Zahlungsart:<\/p>\n\n\n\n<p>Vorkasse<br>Wir nehmen Ihre Bestellung durch Versand einer Annahmeerkl\u00e4rung in separater E-Mail an, in welcher wir Ihnen unsere Bankverbindung nennen.<\/p>\n\n\n\n<p>PayPal Plus<br>Im Rahmen des Zahlungsdienstes PayPal Plus bieten wir Ihnen verschiedene Zahlungsmethoden als PayPal Services an. Nach Abgabe der Bestellung werden Sie auf die Webseite des Online-Anbieters PayPal weitergeleitet. Dort k\u00f6nnen Sie Ihre Zahlungsdaten angeben und die Zahlungsanweisung an PayPal best\u00e4tigen. Dadurch kommt der Vertrag mit uns zustande.<\/p>\n\n\n\n<p><strong>Widerrufsrecht<\/strong><\/p>\n\n\n\n<p>Wenn Sie Verbraucher sind (also eine nat\u00fcrliche Person, die die Bestellung zu einem Zweck abgibt, der weder ihrer gewerblichen oder selbst\u00e4ndigen beruflichen T\u00e4tigkeit zugerechnet werden kann), steht Ihnen nach Ma\u00dfgabe der gesetzlichen Bestimmungen ein Widerrufsrecht zu. Die diesbez\u00fcglichen Regelungen entnehmen Sie der nachfolgenden<\/p>\n\n\n\n<p><strong>Widerrufsbelehrung<\/strong><\/p>\n\n\n\n<p>Sie haben das Recht, diesen Vertrag innerhalb von 14 Tagen ohne Angabe von Gr\u00fcnden zu widerrufen.<\/p>\n\n\n\n<p>Die Frist betr\u00e4gt 14 Tage ab dem Tag, an dem Sie oder ein von Ihnen benannter Dritter, der nicht der Bef\u00f6rderer ist, die Ware in Besitz genommen haben bzw. hat.<\/p>\n\n\n\n<p>Um Ihr Widerrufsrecht auszu\u00fcben, m\u00fcssen Sie fahrradrock.com mittels einer eindeutigen Erkl\u00e4rung per Brief an Anja Klicman, Salmstr. 82, 51105 K\u00f6ln oder per E-Mail an <a href=\"mailto:info@fahrradrock.com\">info@fahrradrock.com<\/a> \u00fcber Ihren Entschluss, diesen Vertrag zu widerrufen, informieren. Sie k\u00f6nnen daf\u00fcr das hier hinterlegte Muster-Widerrufsformular verwenden, das jedoch nicht vorgeschrieben ist.<\/p>\n\n\n\n<p>Zur Wahrung der Widerrufsfrist reicht es aus, dass Sie die Mitteilung \u00fcber die Aus\u00fcbung des Widerrufsrechts vor Ablauf der Widerrufsfrist absenden.<\/p>\n\n\n\n<p><strong>Folgen des Widerrufs<\/strong><\/p>\n\n\n\n<p>Wenn Sie diesen Vertrag widerrufen, haben wir Ihnen alle Zahlungen, die wir von Ihnen erhalten haben, (einschlie\u00dflich evtl. berechneter Lieferkosten) unverz\u00fcglich und sp\u00e4testens binnen vierzehn Tagen ab dem Tag zur\u00fcckzuzahlen, an dem die Mitteilung \u00fcber Ihren Widerruf dieses Vertrags bei uns eingegangen ist. F\u00fcr diese R\u00fcckzahlung verwenden wir dasselbe Zahlungsmittel, das Sie bei der urspr\u00fcnglichen Transaktion eingesetzt haben, es sei denn, mit Ihnen wurde ausdr\u00fccklich etwas anderes vereinbart; in keinem Fall werden Ihnen wegen dieser R\u00fcckzahlung Entgelte berechnet. Wir k\u00f6nnen die R\u00fcckzahlung verweigern, bis wir die Waren wieder zur\u00fcckerhalten haben oder bis Sie den Nachweis erbracht haben, dass Sie die Waren zur\u00fcckgesandt haben, je nachdem, welches der fr\u00fchere Zeitpunkt ist.<\/p>\n\n\n\n<p>Sie haben die Waren unverz\u00fcglich und in jedem Fall sp\u00e4testens binnen vierzehn Tagen ab dem Tag, an dem Sie uns \u00fcber den Widerruf dieses Vertrags unterrichten, an uns zur\u00fcckzusenden. Die Frist ist gewahrt, wenn Sie die Waren vor Ablauf der Frist von vierzehn Tagen an Anja Klicman, Salmstr. 82, 51105 K\u00f6ln absenden.<\/p>\n\n\n\n<p>Sie tragen die unmittelbaren Kosten der R\u00fccksendung der Waren.<\/p>\n\n\n\n<p>F\u00fcr einen etwaigen Wertverlust der Waren m\u00fcssen Sie nur dann aufkommen wenn dieser Wertverlust auf einen zur Pr\u00fcfung der Beschaffenheit, Eigenschaften und Funktionsweise der Waren nicht notwendigen Umgang mit ihnen zur\u00fcckzuf\u00fchren ist.<\/p>\n\n\n\n<p><strong>Preise<\/strong><\/p>\n\n\n\n<p>Es gelten die Preise zum Zeitpunkt der Bestellung. Alle Preise enthalten die gesetzliche Mehrwertsteuer.<\/p>\n\n\n\n<p><strong>Versandkosten<\/strong><\/p>\n\n\n\n<p>Innerhalb Deutschlands liefern wir versandkostenfrei.<\/p>\n\n\n\n<p>F\u00fcr die Lieferung nach \u00d6sterreich berechnen wir pauschal 5,95&nbsp;\u20ac pro Bestellung.<\/p>\n\n\n\n<p><strong>Lieferung<\/strong><\/p>\n\n\n\n<p>Wir liefern nur innerhalb Deutschlands und nach \u00d6sterreich.<\/p>\n\n\n\n<p>Eine Abgabe erfolgt nur in haushalts\u00fcblichen Mengen.<\/p>\n\n\n\n<p>Die Lieferung erfolgt je nach Volumen und Gewicht als Brief oder Paket mit der deutschen Post\/DHL. Die Lieferzeit betr\u00e4gt ca. 3 \u2013 5 Werktage. Auf eventuell abweichende Lieferzeiten weisen wir auf der jeweiligen Produktseite hin. Bei Lieferverz\u00f6gerungen werden wir Sie informieren.<\/p>\n\n\n\n<p>Wir sind nicht zur Lieferung der bestellten Ware verpflichtet, wenn wir diese unsererseits ordnungsgem\u00e4\u00df geordert haben, jedoch nicht richtig oder rechtzeitig beliefert wurden. Das Risiko, eine bestellte Ware beschaffen zu m\u00fcssen, \u00fcbernehmen wir nicht. Bei Nichtverf\u00fcgbarkeit der Ware werden wir Sie umgehend unterrichten und eine eventuelle Vorauszahlung unverz\u00fcglich erstatten.<\/p>\n\n\n\n<p><strong>Zahlung<\/strong><\/p>\n\n\n\n<p>In unserem Shop stehen Ihnen grunds\u00e4tzlich die folgenden Zahlungsarten zur Verf\u00fcgung:<\/p>\n\n\n\n<p><strong>\u00dcberweisung<\/strong><br>Bei Auswahl der Zahlungsart \u00dcberweisung nennen wir Ihnen unsere Bankverbindung in der Auftragsbest\u00e4tigung und liefern die Ware nach Zahlungseingang.<\/p>\n\n\n\n<p><\/p>\n\n\n\n<p><strong>PayPal Plus<\/strong><br>Im Rahmen des Zahlungsdienstes PayPal Plus bieten wir Ihnen verschiedene Zahlungsmethoden als PayPal Services an. Sie werden auf die Webseite des Online-Anbieters PayPal weitergeleitet. Dort k\u00f6nnen Sie Ihre Zahlungsdaten angeben, die Verwendung Ihrer Daten durch PayPal und die Zahlungsanweisung an PayPal best\u00e4tigen. Weitere Hinweise erhalten Sie beim Bestellvorgang.<\/p>\n\n\n\n<p>Wenn Sie die Zahlungsart <strong>PayPal<\/strong> gew\u00e4hlt haben, m\u00fcssen Sie, um den Rechnungsbetrag bezahlen zu k\u00f6nnen, dort registriert sein bzw. sich erst registrieren und mit Ihren Zugangsdaten legitimieren. Die Zahlungstransaktion wird von PayPal unmittelbar nach Best\u00e4tigung der Zahlungsanweisung automatisch durchgef\u00fchrt.<\/p>\n\n\n\n<p>Wenn Sie die Zahlungsart <strong>Lastschrift<\/strong> gew\u00e4hlt haben, m\u00fcssen Sie, um den Rechnungsbetrag bezahlen zu k\u00f6nnen, nicht bei PayPal registriert sein. Mit Best\u00e4tigung der Zahlungsanweisung erteilen Sie PayPal ein Lastschriftmandat. \u00dcber das Datum der Kontobelastung werden Sie von PayPal informiert (sog. Prenotification). Unter Einreichung des Lastschriftmandats unmittelbar nach Best\u00e4tigung der Zahlungsanweisung fordert PayPal seine Bank zur Einleitung der Zahlungstransaktion auf. Die Zahlungstransaktion wird durchgef\u00fchrt und Ihr Konto belastet.<\/p>\n\n\n\n<p>Wenn Sie die Zahlungsart <strong>Kreditkarte<\/strong> gew\u00e4hlt haben, m\u00fcssen Sie, um den Rechnungsbetrag bezahlen zu k\u00f6nnen, nicht bei PayPal registriert sein. Die Zahlungstransaktion wird unmittelbar nach Best\u00e4tigung der Zahlungsanweisung und nach Ihrer Legitimation als rechtm\u00e4\u00dfiger Karteninhaber von Ihrem Kreditkartenunternehmen auf Aufforderung von PayPal durchgef\u00fchrt und Ihre Karte belastet.<\/p>\n\n\n\n<p><strong>Eigentumsvorbehalt<\/strong><\/p>\n\n\n\n<p>Bis zur vollst\u00e4ndigen Zahlung des Kaufpreises bleibt die Ware unser Eigentum.<\/p>\n\n\n\n<p><strong>M\u00e4ngelhaftung<\/strong><\/p>\n\n\n\n<p>Die M\u00e4ngelhaftung richtet sich nach den gesetzlichen Bestimmungen.<\/p>\n\n\n\n<p><strong>Datenschutz<\/strong><\/p>\n\n\n\n<p>Unsere Datenschutz-Praxis richtet sich nach den gesetzlichen Bestimmungen. Details zur Erhebung, Nutzung und Speicherung Ihrer personenbezogenen Daten finden Sie in unserer <a href=\"https:\/\/www.fahrradrock.com\/?page_id=3\">Datenschutzerkl\u00e4rung<\/a>.<\/p>\n\n\n\n<p><strong>Anwendbares Recht<\/strong><\/p>\n\n\n\n<p>Auf Vertr\u00e4ge zwischen uns und Ihnen ist ausschlie\u00dflich das Recht der Bunderepublik Deutschland anwendbar.<\/p>\n\n\n\n<p><strong>Alternative Streitbeilegung<\/strong><\/p>\n\n\n\n<p>Die EU-Kommission hat eine Internetplattform zur Online-Beilegung von Streitigkeiten geschaffen. Die Plattform dient als Anlaufstelle zur au\u00dfergerichtlichen Beilegung von Streitigkeiten betreffend vertragliche Verpflichtungen, die aus Online-Kaufvertr\u00e4gen erwachsen. N\u00e4here Informationen sind unter dem folgenden Link verf\u00fcgbar: http:\/\/ec.europa.eu\/consumers\/odr. Zur Teilnahme an einem Streitbeilegungsverfahren vor einer Verbraucherschlichtungsstelle sind wir weder bereit noch verpflichtet.<\/p>\n\n\n\n<p><strong>Schlussbestimmungen<\/strong><\/p>\n\n\n\n<p>Sollten eine oder mehrere Bestimmungen dieser AGB unwirksam sein oder werden, wird dadurch die Wirksamkeit der anderen Bestimmungen im \u00dcbrigen nicht ber\u00fchrt.<\/p>\n","protected":false},"excerpt":{"rendered":"<p>Allgemeine Gesch\u00e4ftsbedingungen (AGB) Geltungsbereich Diese AGB gelten f\u00fcr alle Verbraucher, die im Online-Shop fahrradrock.com bestellen. Verbraucher ist jede nat\u00fcrliche Person,&hellip;<\/p>\n","protected":false},"author":1,"featured_media":0,"parent":0,"menu_order":0,"comment_status":"closed","ping_status":"closed","template":"","meta":{"footnotes":""},"class_list":["post-2090","page","type-page","status-publish","hentry"],"_links":{"self":[{"href":"https:\/\/www.fahrradrock.com\/index.php?rest_route=\/wp\/v2\/pages\/2090","targetHints":{"allow":["GET"]}}],"collection":[{"href":"https:\/\/www.fahrradrock.com\/index.php?rest_route=\/wp\/v2\/pages"}],"about":[{"href":"https:\/\/www.fahrradrock.com\/index.php?rest_route=\/wp\/v2\/types\/page"}],"author":[{"embeddable":true,"href":"https:\/\/www.fahrradrock.com\/index.php?rest_route=\/wp\/v2\/users\/1"}],"replies":[{"embeddable":true,"href":"https:\/\/www.fahrradrock.com\/index.php?rest_route=%2Fwp%2Fv2%2Fcomments&post=2090"}],"version-history":[{"count":6,"href":"https:\/\/www.fahrradrock.com\/index.php?rest_route=\/wp\/v2\/pages\/2090\/revisions"}],"predecessor-version":[{"id":2306,"href":"https:\/\/www.fahrradrock.com\/index.php?rest_route=\/wp\/v2\/pages\/2090\/revisions\/2306"}],"wp:attachment":[{"href":"https:\/\/www.fahrradrock.com\/index.php?rest_route=%2Fwp%2Fv2%2Fmedia&parent=2090"}],"curies":[{"name":"wp","href":"https:\/\/api.w.org\/{rel}","templated":true}]}}