{"id":1780,"date":"2017-08-05T08:05:06","date_gmt":"2017-08-05T08:05:06","guid":{"rendered":"https:\/\/demo.themefreesia.com\/idyllic\/?page_id=1780"},"modified":"2020-08-04T13:10:38","modified_gmt":"2020-08-04T11:10:38","slug":"home","status":"publish","type":"page","link":"https:\/\/www.fahrradrock.com\/","title":{"rendered":"Den Fahrradrock"},"content":{"rendered":"\n<p>&#8230; musst Du bei Fahrt- oder Gegenwind nicht krampfhaft festhalten oder einklemmen. Weht er hoch, sitzt Du statt halbnackt in schicken, stoffgleichen Shorts auf dem Rad. (Die bew\u00e4hren sich \u00fcbrigens auch beim Sitzen auf Picknickdecken oder Barhockern als Sichtschutz). Durch die Wickeloptik mit dem hohen Schlitz gibt der Fahrradrock die n\u00f6tige Beinfreiheit. Perfekt eignet er sich auch als Wanderrock und Reiserock.<\/p>\n\n\n\n<figure class=\"wp-block-image size-large is-resized\"><img loading=\"lazy\" decoding=\"async\" src=\"https:\/\/www.fahrradrock.com\/wp-content\/uploads\/2020\/07\/Startseite_Bild2-1024x474.png\" alt=\"\" class=\"wp-image-2137\" width=\"768\" height=\"356\" srcset=\"https:\/\/www.fahrradrock.com\/wp-content\/uploads\/2020\/07\/Startseite_Bild2-1024x474.png 1024w, https:\/\/www.fahrradrock.com\/wp-content\/uploads\/2020\/07\/Startseite_Bild2-300x139.png 300w, https:\/\/www.fahrradrock.com\/wp-content\/uploads\/2020\/07\/Startseite_Bild2-768x355.png 768w, https:\/\/www.fahrradrock.com\/wp-content\/uploads\/2020\/07\/Startseite_Bild2-1536x711.png 1536w, https:\/\/www.fahrradrock.com\/wp-content\/uploads\/2020\/07\/Startseite_Bild2-600x278.png 600w, https:\/\/www.fahrradrock.com\/wp-content\/uploads\/2020\/07\/Startseite_Bild2.png 1899w\" sizes=\"auto, (max-width: 768px) 100vw, 768px\" \/><\/figure>\n\n\n\n<p>Lockerer Schnitt in bequemer Passform.<\/p>\n\n\n\n<p>Gr\u00f6\u00dfe S entspricht der deutschen Konfektionsgr\u00f6\u00dfe 36\/38<br>Bundweite ungedehnt: 66 cm<br>L\u00e4nge: 55 cm<\/p>\n\n\n\n<p>Gr\u00f6\u00dfe M entspricht der deutschen Konfektionsgr\u00f6\u00dfe 40\/42<br>Bundweite ungedehnt: 72 cm<br>L\u00e4nge: 56,5 cm<\/p>\n\n\n\n<p>Gr\u00f6\u00dfe L entspricht der deutschen Konfektionsgr\u00f6\u00dfe 44\/46<br>Bundweite ungedehnt: 78 cm<br>L\u00e4nge: 58 cm<\/p>\n\n\n\n<p>Gleich hier <a href=\"https:\/\/www.fahrradrock.com\/?page_id=1942\">im Shop<\/a> bestellen.<\/p>\n\n\n\n<p>Oder ausgew\u00e4hlte Dessins anfassen und anprobieren bei<br>39einhalb, Merowinger Str. 26, 50677 K\u00f6ln.<\/p>\n","protected":false},"excerpt":{"rendered":"<p>&#8230; musst Du bei Fahrt- oder Gegenwind nicht krampfhaft festhalten oder einklemmen. Weht er hoch, sitzt Du statt halbnackt in&hellip;<\/p>\n","protected":false},"author":1,"featured_media":2315,"parent":0,"menu_order":0,"comment_status":"closed","ping_status":"closed","template":"","meta":{"footnotes":""},"class_list":["post-1780","page","type-page","status-publish","has-post-thumbnail","hentry"],"_links":{"self":[{"href":"https:\/\/www.fahrradrock.com\/index.php?rest_route=\/wp\/v2\/pages\/1780","targetHints":{"allow":["GET"]}}],"collection":[{"href":"https:\/\/www.fahrradrock.com\/index.php?rest_route=\/wp\/v2\/pages"}],"about":[{"href":"https:\/\/www.fahrradrock.com\/index.php?rest_route=\/wp\/v2\/types\/page"}],"author":[{"embeddable":true,"href":"https:\/\/www.fahrradrock.com\/index.php?rest_route=\/wp\/v2\/users\/1"}],"replies":[{"embeddable":true,"href":"https:\/\/www.fahrradrock.com\/index.php?rest_route=%2Fwp%2Fv2%2Fcomments&post=1780"}],"version-history":[{"count":16,"href":"https:\/\/www.fahrradrock.com\/index.php?rest_route=\/wp\/v2\/pages\/1780\/revisions"}],"predecessor-version":[{"id":2326,"href":"https:\/\/www.fahrradrock.com\/index.php?rest_route=\/wp\/v2\/pages\/1780\/revisions\/2326"}],"wp:featuredmedia":[{"embeddable":true,"href":"https:\/\/www.fahrradrock.com\/index.php?rest_route=\/wp\/v2\/media\/2315"}],"wp:attachment":[{"href":"https:\/\/www.fahrradrock.com\/index.php?rest_route=%2Fwp%2Fv2%2Fmedia&parent=1780"}],"curies":[{"name":"wp","href":"https:\/\/api.w.org\/{rel}","templated":true}]}}